{"id":112,"date":"2024-08-17T12:29:52","date_gmt":"2024-08-17T12:29:52","guid":{"rendered":"https:\/\/cemlmontecarlo.com.ar\/evo\/historia\/"},"modified":"2024-10-23T23:33:18","modified_gmt":"2024-10-23T23:33:18","slug":"historia","status":"publish","type":"page","link":"https:\/\/cemlmontecarlo.com.ar\/evo\/?page_id=112","title":{"rendered":"Historia"},"content":{"rendered":"\n<p>La Cooperativa de Electricidad de Montecarlo Limitada fue constituida por un grupo de pioneros, en su mayor\u00eda inmigrantes europeos, preocupados por mejorar su situaci\u00f3n de vida en la colonia fundada hac\u00eda ya 27 a\u00f1os antes. Estos colonos sab\u00edan que el trabajo solidario y organizado en peque\u00f1as comunidades era la alternativa v\u00e1lida para obtener los servicios que requer\u00edan para crecer; es por ello que el 09 de agosto de 1947 se reuni\u00f3 un grupo de 39 vecinos y celebraron la Asamblea Constitutiva de la Cooperativa que hoy tenemos. Fueron 30 los presentes que suscribieron acciones y se constituyeron en los socios fundadores, siendo el primer Presidente del Consejo de Administraci\u00f3n el Sr. Hugo Naujeck.<br><br>El objetivo b\u00e1sico de la formaci\u00f3n de la instituci\u00f3n se concret\u00f3 el 01 de febrero de 1948 con la iniciaci\u00f3n del servicio de Electricidad. Luego las necesidades impuestas por el desarrollo de la comunidad hicieron que la entidad se transforme en una prestadora de servicios p\u00fablicos, sum\u00e1ndose la provisi\u00f3n de Agua Potable a Montecarlo a partir del 02\/12\/1985, la repetidora de Televisi\u00f3n desde el 19\/08\/1988, la Repetidora de Frecuencia Modulada desde el 15\/12\/1988, la Distribuci\u00f3n y venta de Gas de Miscoopgas a partir del 05\/10\/1990, el circuito cerrado de Televisi\u00f3n desde el 01\/10\/1991, servicio de Sepelios a partir del 01\/11\/1997, el servicio de Ambulancia desde el 23\/02\/2000 que fue suspendido el 01\/09\/2009, servicio de Desag\u00fces Cloacales en la ciudad de Montecarlo iniciado el 17\/12\/2001. Internet es el \u00faltimo servicio incorporado a partir del 01\/11\/2015, para el que se despleg\u00f3 una red de fibra \u00f3ptica con arquitectura GPON y el servicio que se ofrece es FTTH (fibra hasta el hogar).<\/p>\n\n\n\n<p>El \u00e1rea de concesi\u00f3n del servicio el\u00e9ctrico abarca todo el departamento Montecarlo y Municipio de El Alc\u00e1zar y parte del Municipio de Garuhap\u00e9 del departamento Libertador General San Mart\u00edn, registr\u00e1ndose m\u00e1s de 14.117 conexiones de energ\u00eda el\u00e9ctrica, en tanto el servicio de agua potable cuenta con unas 6.792 conexiones al 31\/12\/2023, efectivamente habilitadas.<\/p>\n\n\n\n<p>La Administraci\u00f3n de la Cooperativa est\u00e1 a cargo de un Consejo de Administraci\u00f3n compuesto por nueve miembros titulares y siete suplentes, en tanto que el \u00d3rgano de Fiscalizaci\u00f3n cuenta con un S\u00edndico Titular y un S\u00edndico Suplente.<\/p>\n","protected":false},"excerpt":{"rendered":"<p>La Cooperativa de Electricidad de Montecarlo Limitada fue constituida por un grupo de pioneros, en su mayor\u00eda inmigrantes europeos, preocupados por mejorar su situaci\u00f3n de vida en la colonia fundada hac\u00eda ya 27 a\u00f1os antes. Estos colonos sab\u00edan que el trabajo solidario y organizado en peque\u00f1as comunidades era la alternativa v\u00e1lida para obtener los servicios [&hellip;]<\/p>\n","protected":false},"author":1,"featured_media":0,"parent":0,"menu_order":0,"comment_status":"closed","ping_status":"closed","template":"","meta":{"footnotes":""},"class_list":["post-112","page","type-page","status-publish","hentry"],"_links":{"self":[{"href":"https:\/\/cemlmontecarlo.com.ar\/evo\/index.php?rest_route=\/wp\/v2\/pages\/112","targetHints":{"allow":["GET"]}}],"collection":[{"href":"https:\/\/cemlmontecarlo.com.ar\/evo\/index.php?rest_route=\/wp\/v2\/pages"}],"about":[{"href":"https:\/\/cemlmontecarlo.com.ar\/evo\/index.php?rest_route=\/wp\/v2\/types\/page"}],"author":[{"embeddable":true,"href":"https:\/\/cemlmontecarlo.com.ar\/evo\/index.php?rest_route=\/wp\/v2\/users\/1"}],"replies":[{"embeddable":true,"href":"https:\/\/cemlmontecarlo.com.ar\/evo\/index.php?rest_route=%2Fwp%2Fv2%2Fcomments&post=112"}],"version-history":[{"count":1,"href":"https:\/\/cemlmontecarlo.com.ar\/evo\/index.php?rest_route=\/wp\/v2\/pages\/112\/revisions"}],"predecessor-version":[{"id":9512,"href":"https:\/\/cemlmontecarlo.com.ar\/evo\/index.php?rest_route=\/wp\/v2\/pages\/112\/revisions\/9512"}],"wp:attachment":[{"href":"https:\/\/cemlmontecarlo.com.ar\/evo\/index.php?rest_route=%2Fwp%2Fv2%2Fmedia&parent=112"}],"curies":[{"name":"wp","href":"https:\/\/api.w.org\/{rel}","templated":true}]}}