{"id":28,"date":"2024-08-13T23:08:40","date_gmt":"2024-08-13T23:08:40","guid":{"rendered":"https:\/\/cemlmontecarlo.com.ar\/evo\/sector-cloacas\/"},"modified":"2024-11-18T18:58:37","modified_gmt":"2024-11-18T18:58:37","slug":"sector-cloacas","status":"publish","type":"page","link":"https:\/\/cemlmontecarlo.com.ar\/evo\/?page_id=28","title":{"rendered":"Agua Potable y Cloacas"},"content":{"rendered":"\n<p>La Cooperativa es prestadora de los servicios de agua potable y desag\u00fces cloacales en virtud de la concesi\u00f3n de los servicios sanitarios otorgada por el Gobierno de la Provincia de Misiones.<\/p>\n\n\n\n<h2 class=\"wp-block-heading\">Agua Potable:<\/h2>\n\n\n\n<p>La cobertura del servicio de agua potable abarca la ciudad de Montecarlo, la localidad de El Alc\u00e1zar y sectores de la colonia de Montecarlo: Barrio ITA, Barrio Cuatro Bocas Laharrague, Guaraypo y Barrio Nuevo Guaraypo.<\/p>\n\n\n\n<p>La prestaci\u00f3n de este servicio tuvo su inicio en el a\u00f1o 2001 y se cubre un amplio sector de la zona urbana de la ciudad de Montecarlo<\/p>\n\n\n\n<p><a href=\"https:\/\/www.cemlmontecarlo.com.ar\/files\/normativa-reglamentoaguapotableCEML.pdf\" target=\"_blank\" rel=\"noreferrer noopener\">Normativa &#8211; Reglamento Agua Potable CEML<\/a><\/p>\n\n\n\n<p><\/p>\n\n\n\n<h2 class=\"wp-block-heading\">Desag\u00fces Cloacales:<\/h2>\n\n\n\n<p>La prestaci\u00f3n de este servicio tuvo su inicio en el a\u00f1o 2001 y se cubre un amplio sector de la zona urbana de la ciudad de Montecarlo.<\/p>\n\n\n\n<p>La Ordenanza N\u00ba 49\/2008 del Honorable Concejo Deliberante aprob\u00f3 el Reglamento que rige aspectos del Servicio Cloacal en Montecarlo.<\/p>\n\n\n\n<p><\/p>\n\n\n\n<p><strong><em>Recomendaciones:<\/em><\/strong><\/p>\n\n\n\n<p><\/p>\n\n\n\n<ul class=\"wp-block-list\">\n<li>NO conectar desag\u00fces pluviales a las redes cloacales, son sistemas separados, el di\u00e1metro de las redes no fue dimensionado para aportes pluviales.<\/li>\n\n\n\n<li>NO arrojar a las redes grasas, materiales pl\u00e1sticos, fibras como trapos rejillas o de pisos ya que obstruyen ca\u00f1er\u00edas y las bombas que impulsan el l\u00edquido a la planta depuradora, ocasionando da\u00f1os a su estructura.<\/li>\n\n\n\n<li>NO realizar la salida de la conexi\u00f3n domiciliaria desde la c\u00e1mara s\u00e9ptica de la antigua forma de evacuaci\u00f3n, ya que las piletas de depuraci\u00f3n no trabajan como deben en estos casos, est\u00e1n dise\u00f1adas para recibir l\u00edquidos crudos.<\/li>\n\n\n\n<li>NO arrojar aceites calientes, l\u00edquidos inflamables o corrosivos a las redes, ya que anulan la acci\u00f3n de los microorganismos depuradores.<\/li>\n<\/ul>\n\n\n\n<p>El cuidado de la salud y el medio ambiente depende de las acciones que nosotros mismos realicemos.<\/p>\n\n\n\n<p><\/p>\n","protected":false},"excerpt":{"rendered":"<p>La Cooperativa es prestadora de los servicios de agua potable y desag\u00fces cloacales en virtud de la concesi\u00f3n de los servicios sanitarios otorgada por el Gobierno de la Provincia de Misiones. Agua Potable: La cobertura del servicio de agua potable abarca la ciudad de Montecarlo, la localidad de El Alc\u00e1zar y sectores de la colonia [&hellip;]<\/p>\n","protected":false},"author":1,"featured_media":0,"parent":0,"menu_order":0,"comment_status":"closed","ping_status":"closed","template":"","meta":{"footnotes":""},"class_list":["post-28","page","type-page","status-publish","hentry"],"_links":{"self":[{"href":"https:\/\/cemlmontecarlo.com.ar\/evo\/index.php?rest_route=\/wp\/v2\/pages\/28","targetHints":{"allow":["GET"]}}],"collection":[{"href":"https:\/\/cemlmontecarlo.com.ar\/evo\/index.php?rest_route=\/wp\/v2\/pages"}],"about":[{"href":"https:\/\/cemlmontecarlo.com.ar\/evo\/index.php?rest_route=\/wp\/v2\/types\/page"}],"author":[{"embeddable":true,"href":"https:\/\/cemlmontecarlo.com.ar\/evo\/index.php?rest_route=\/wp\/v2\/users\/1"}],"replies":[{"embeddable":true,"href":"https:\/\/cemlmontecarlo.com.ar\/evo\/index.php?rest_route=%2Fwp%2Fv2%2Fcomments&post=28"}],"version-history":[{"count":11,"href":"https:\/\/cemlmontecarlo.com.ar\/evo\/index.php?rest_route=\/wp\/v2\/pages\/28\/revisions"}],"predecessor-version":[{"id":10167,"href":"https:\/\/cemlmontecarlo.com.ar\/evo\/index.php?rest_route=\/wp\/v2\/pages\/28\/revisions\/10167"}],"wp:attachment":[{"href":"https:\/\/cemlmontecarlo.com.ar\/evo\/index.php?rest_route=%2Fwp%2Fv2%2Fmedia&parent=28"}],"curies":[{"name":"wp","href":"https:\/\/api.w.org\/{rel}","templated":true}]}}