{"id":50,"date":"2024-08-13T23:58:24","date_gmt":"2024-08-13T23:58:24","guid":{"rendered":"https:\/\/cemlmontecarlo.com.ar\/evo\/electricidad\/"},"modified":"2024-10-29T01:23:28","modified_gmt":"2024-10-29T01:23:28","slug":"electricidad","status":"publish","type":"page","link":"https:\/\/cemlmontecarlo.com.ar\/evo\/?page_id=50","title":{"rendered":"Electricidad"},"content":{"rendered":"\n<p>La CEML presta servicio de distribuci\u00f3n de Energ\u00eda en su \u00e1rea de concesi\u00f3n rural y urbano.<\/p>\n\n\n\n<p>El \u00c1rea de Concesi\u00f3n del servicio el\u00e9ctrico de la Cooperativa abarca una superficie de 2.166 Km<sup>2<\/sup>, o 216.600 hect\u00e1reas.<\/p>\n\n\n\n<p>En Misiones son 9 Cooperativas las Distribuidoras del servicio el\u00e9ctrico y estas son sus \u00e1reas geogr\u00e1ficas:<\/p>\n\n\n\n<p><img fetchpriority=\"high\" decoding=\"async\" alt=\"C:\\Gerencia\\Informaci\u00f3n CEML\\Concesiones\\Mapa area concesi\u00f3n.bmp\" src=\"https:\/\/lh7-rt.googleusercontent.com\/docsz\/AD_4nXdsoOF0NveX6dRHQKat-J0zZPwezIqldcUYnJfvJBmsQCk_XrFGFkBhGUBMbKtuH5Xn2MFi6qBwr0iIZEC7I0cPHvRE03UBxnfqJ3fP4N4uGk7uYxGOrHS6vWb3pQEql-Mg07EqLXNpJ-pHXSErSkZOeYZgXkIna7CiJrfnQOzZvUtfKjdXFwE?key=jFjvWh5ChhERJp7KbPACDnC4\" width=\"624\" height=\"564\"><\/p>\n\n\n\n<div class=\"wp-block-file\"><a id=\"wp-block-file--media-157aaa02-6d92-4c6d-8723-1150a64043df\" href=\"https:\/\/cemlmontecarlo.com.ar\/evo\/wp-content\/uploads\/2024\/10\/Reglamento-Servicio-Electrico-CEML.pdf\">Reglamento Servicio Electrico CEML<\/a><a href=\"https:\/\/cemlmontecarlo.com.ar\/evo\/wp-content\/uploads\/2024\/10\/Reglamento-Servicio-Electrico-CEML.pdf\" class=\"wp-block-file__button wp-element-button\" download aria-describedby=\"wp-block-file--media-157aaa02-6d92-4c6d-8723-1150a64043df\">Descarga<\/a><\/div>\n\n\n\n<p><strong>Generaci\u00f3n Distribuida<\/strong><\/p>\n\n\n\n<p>Acceso al \u201c<a href=\"https:\/\/www.argentina.gob.ar\/economia\/energia\/generacion-distribuida\/instructivos\/instructivo-para-el-usuario-generador\" target=\"_blank\" rel=\"noreferrer noopener\">Instructivo para el Usuario Generador<\/a>\u201d <\/p>\n\n\n\n<p><\/p>\n\n\n\n<p><\/p>\n","protected":false},"excerpt":{"rendered":"<p>La CEML presta servicio de distribuci\u00f3n de Energ\u00eda en su \u00e1rea de concesi\u00f3n rural y urbano. El \u00c1rea de Concesi\u00f3n del servicio el\u00e9ctrico de la Cooperativa abarca una superficie de 2.166 Km2, o 216.600 hect\u00e1reas. En Misiones son 9 Cooperativas las Distribuidoras del servicio el\u00e9ctrico y estas son sus \u00e1reas geogr\u00e1ficas: Generaci\u00f3n Distribuida Acceso al [&hellip;]<\/p>\n","protected":false},"author":1,"featured_media":0,"parent":0,"menu_order":0,"comment_status":"closed","ping_status":"closed","template":"","meta":{"footnotes":""},"class_list":["post-50","page","type-page","status-publish","hentry"],"_links":{"self":[{"href":"https:\/\/cemlmontecarlo.com.ar\/evo\/index.php?rest_route=\/wp\/v2\/pages\/50","targetHints":{"allow":["GET"]}}],"collection":[{"href":"https:\/\/cemlmontecarlo.com.ar\/evo\/index.php?rest_route=\/wp\/v2\/pages"}],"about":[{"href":"https:\/\/cemlmontecarlo.com.ar\/evo\/index.php?rest_route=\/wp\/v2\/types\/page"}],"author":[{"embeddable":true,"href":"https:\/\/cemlmontecarlo.com.ar\/evo\/index.php?rest_route=\/wp\/v2\/users\/1"}],"replies":[{"embeddable":true,"href":"https:\/\/cemlmontecarlo.com.ar\/evo\/index.php?rest_route=%2Fwp%2Fv2%2Fcomments&post=50"}],"version-history":[{"count":3,"href":"https:\/\/cemlmontecarlo.com.ar\/evo\/index.php?rest_route=\/wp\/v2\/pages\/50\/revisions"}],"predecessor-version":[{"id":9976,"href":"https:\/\/cemlmontecarlo.com.ar\/evo\/index.php?rest_route=\/wp\/v2\/pages\/50\/revisions\/9976"}],"wp:attachment":[{"href":"https:\/\/cemlmontecarlo.com.ar\/evo\/index.php?rest_route=%2Fwp%2Fv2%2Fmedia&parent=50"}],"curies":[{"name":"wp","href":"https:\/\/api.w.org\/{rel}","templated":true}]}}