{"id":9388,"date":"2024-09-20T21:54:24","date_gmt":"2024-09-20T21:54:24","guid":{"rendered":"https:\/\/cemlmontecarlo.com.ar\/evo\/?page_id=9388"},"modified":"2025-01-22T11:17:10","modified_gmt":"2025-01-22T11:17:10","slug":"mision-vision-y-valores","status":"publish","type":"page","link":"https:\/\/cemlmontecarlo.com.ar\/evo\/?page_id=9388","title":{"rendered":"Misi\u00f3n, Visi\u00f3n y Valores"},"content":{"rendered":"<div class=\"wp-block-image\">\n<figure class=\"aligncenter size-full\"><img fetchpriority=\"high\" decoding=\"async\" width=\"953\" height=\"661\" src=\"https:\/\/cemlmontecarlo.com.ar\/evo\/wp-content\/uploads\/2025\/01\/mision-valor-vision.png\" alt=\"\" class=\"wp-image-10279\" srcset=\"https:\/\/cemlmontecarlo.com.ar\/evo\/wp-content\/uploads\/2025\/01\/mision-valor-vision.png 953w, https:\/\/cemlmontecarlo.com.ar\/evo\/wp-content\/uploads\/2025\/01\/mision-valor-vision-300x208.png 300w, https:\/\/cemlmontecarlo.com.ar\/evo\/wp-content\/uploads\/2025\/01\/mision-valor-vision-768x533.png 768w\" sizes=\"(max-width: 953px) 100vw, 953px\" \/><\/figure><\/div>\n\n\n<p class=\"has-text-align-center\"><strong>NUESTRA MISI\u00d3N<\/strong><\/p>\n\n\n\n<p>Somos una empresa cooperativa que orienta todos sus esfuerzos a prestar servicios p\u00fablicos esenciales y \u00fatiles a los socios y a la comunidad, con calidad, eficiencia, responsabilidad social y ambiental.<\/p>\n\n\n\n<hr class=\"wp-block-separator aligncenter has-alpha-channel-opacity\"\/>\n\n\n\n<p class=\"has-text-align-center\"><strong>NUESTRA VISI\u00d3N<\/strong><\/p>\n\n\n\n<p>Seguir consolidando todos los servicios que prestamos, tanto t\u00e9cnica como econ\u00f3micamente, con responsabilidad social cooperativa, con autonom\u00eda y cumpliendo nuestra Misi\u00f3n con los Valores comprometidos<\/p>\n\n\n\n<hr class=\"wp-block-separator has-alpha-channel-opacity\"\/>\n\n\n\n<p class=\"has-text-align-center\"><strong>NUESTROS VALORES<\/strong><\/p>\n\n\n\n<p>\u00b7<strong>Responsabilidad<\/strong>: Somos personas dignas de cr\u00e9dito, conscientes de nuestras palabras, decisiones y actos. Comprometidos con lo social y ambiental.<\/p>\n\n\n\n<p>\u00b7<strong>Respeto<\/strong>: Reconocemos los derechos, la dignidad, el decoro de una persona y la abstenci\u00f3n de ofenderlos.<\/p>\n\n\n\n<p>\u00b7<strong>Trabajo en Equipo:<\/strong> Queremos ser equipo de trabajo que se organiza para lograr el objetivo com\u00fan. En esta definici\u00f3n est\u00e1n impl\u00edcitos los tres elementos clave del trabajo en equipo: Conjunto de personas&nbsp; &#8211; Organizaci\u00f3n &#8211; Objetivo com\u00fan.<\/p>\n\n\n\n<p>\u00b7<strong>Eficiencia en la gesti\u00f3n:<\/strong> Queremos obtener los mayores resultados con la m\u00ednima inversi\u00f3n.<\/p>\n\n\n\n<p>\u00b7<strong>Orientaci\u00f3n al asociado:<\/strong> Guiamos la empresa hacia el socio. Damos respuestas a las necesidades de nuestros usuarios y colaboradores de forma oportuna y&nbsp; amable.<\/p>\n\n\n\n<p>\u00b7<strong>Honradez y Honestidad<\/strong>: Tanto en nuestro obrar como en la manera de pensar, tratamos de ser justos, rectos e \u00edntegros, respetando por sobre todas las cosas las normas que se consideran como correctas y adecuadas en la comunidad en la que vivimos. Actuamos de acuerdo como pensamos y sentimos.<\/p>\n\n\n\n<p>\u00b7<strong>Sentido de Pertenencia:<\/strong> Tenemos la satisfacci\u00f3n de sentirnos parte de un equipo, nos identificamos con el resto de los integrantes de la organizaci\u00f3n.<\/p>\n\n\n\n<p>\u00b7<strong>Transparencia:<\/strong> Tenemos sentimientos, pensamientos y acciones claras.<\/p>\n\n\n\n<p>\u00b7<strong>Solidaridad:<\/strong> Nos gu\u00eda un sentimiento de unidad basado en metas o intereses comunes.<\/p>\n\n\n\n<hr class=\"wp-block-separator has-alpha-channel-opacity\"\/>\n\n\n\n<p class=\"has-text-align-center\"><strong>VALORES COOPERATIVOS<\/strong><\/p>\n\n\n<div class=\"wp-block-image\">\n<figure class=\"aligncenter size-full is-resized\"><img decoding=\"async\" width=\"921\" height=\"744\" src=\"https:\/\/cemlmontecarlo.com.ar\/evo\/wp-content\/uploads\/2024\/09\/image-2.png\" alt=\"\" class=\"wp-image-9396\" style=\"width:574px;height:auto\" srcset=\"https:\/\/cemlmontecarlo.com.ar\/evo\/wp-content\/uploads\/2024\/09\/image-2.png 921w, https:\/\/cemlmontecarlo.com.ar\/evo\/wp-content\/uploads\/2024\/09\/image-2-300x242.png 300w, https:\/\/cemlmontecarlo.com.ar\/evo\/wp-content\/uploads\/2024\/09\/image-2-768x620.png 768w\" sizes=\"(max-width: 921px) 100vw, 921px\" \/><\/figure><\/div>\n\n\n<h5 class=\"wp-block-heading has-text-align-center\"><strong>PRINCIPIOS COOPERATIVOS<\/strong><\/h5>\n\n\n<div class=\"wp-block-image\">\n<figure class=\"aligncenter size-full is-resized\"><img decoding=\"async\" width=\"825\" height=\"621\" src=\"https:\/\/cemlmontecarlo.com.ar\/evo\/wp-content\/uploads\/2024\/11\/lista-aci-1.png\" alt=\"\" class=\"wp-image-10074\" style=\"width:574px\" srcset=\"https:\/\/cemlmontecarlo.com.ar\/evo\/wp-content\/uploads\/2024\/11\/lista-aci-1.png 825w, https:\/\/cemlmontecarlo.com.ar\/evo\/wp-content\/uploads\/2024\/11\/lista-aci-1-300x226.png 300w, https:\/\/cemlmontecarlo.com.ar\/evo\/wp-content\/uploads\/2024\/11\/lista-aci-1-768x578.png 768w\" sizes=\"(max-width: 825px) 100vw, 825px\" \/><\/figure><\/div>\n\n\n<p>Los principios cooperativos son lineamientos por medio de los cuales las cooperativas ponen en pr\u00e1ctica sus valores. <br>En 1995, el congreso de la ACI (Alianza Cooperativa Internacional),  realizado en Manchester, Inglaterra, aprob\u00f3 7 nuevos principios:<\/p>\n\n\n\n<p>1- ADHESION ABIERTA Y VOLUNTARIA<br>Las cooperativas son organizaciones voluntarias, abiertas para todas aquellas personas dispuestas a utilizar sus servicios y dispuestas a aceptar las responsabilidades que conlleva la condici\u00f3n de socios, sin discriminaci\u00f3n de g\u00e9nero, raza, clase social, posici\u00f3n pol\u00edtica o religiosa.<br>2-CONTROL DEMOCR\u00c1TICO DE LOS SOCIOS<br>Las cooperativas son organizaciones democr\u00e1ticas controladas por sus socios, quienes participan activamente en la definici\u00f3n de las pol\u00edticas y en la toma de decisiones. Los hombres y mujeres elegidos para representar a su cooperativa, responden ante los socios. En las cooperativas de base, los socios tienen igual derecho de voto (socio, un voto), mientras en las cooperativas de otros niveles tambi\u00e9n se organizan con procedimientos democr\u00e1ticos.<br>3-PARTICIPACI\u00d3N ECON\u00d3MICA DE LOS SOCIOS<br>Los socios contribuyen de manera equitativa y controlan de manera democr\u00e1tica el capital de la cooperativa. Usualmente reciben una compensaci\u00f3n limitada, si es que hay, sobre el capital suscripto, como condici\u00f3n de socio. Los socios asignan excedentes para cualquiera o todos los siguientes prop\u00f3sitos: el desarrollo de la cooperativa, mediante la posible creaci\u00f3n de reservas, de las cuales al menos una parte debe ser indivisible; los beneficios para los socios en proporci\u00f3n con sus transacciones con la cooperativa; y el apoyo a otras actividades, seg\u00fan lo aprueben los socios.<br>4-AUTONOM\u00cdA E INDEPENDENCIA<br>Las cooperativas son organizaciones aut\u00f3nomas de ayuda mutua controladas por sus socios. Si entran en acuerdos con otras organizaciones (incluyendo gobiernos) o tienen capital de fuentes externas, lo realizan en t\u00e9rminos que aseguren el control democr\u00e1tico por parte de sus socios y mantengan la autonom\u00eda de la cooperativa.<br>5-EDUCACI\u00d3N, ENTRENAMIENTO E INFORMACI\u00d3N<br>Las cooperativas brindan educaci\u00f3n y entrenamiento a sus socios, a sus dirigentes electos, gerentes y empleados, de tal forma que contribuyan eficazmente al desarrollo de sus cooperativas. Las cooperativas informan al p\u00fablico en general, particularmente a los j\u00f3venes y creadores de opini\u00f3n acerca de la naturaleza y beneficios del cooperativismo.<br>6-COOPERACI\u00d3N ENTRE COOPERATIVAS<br>Las cooperativas sirven a sus socios m\u00e1s eficazmente y fortalecen el movimiento cooperativo, trabajando de manera conjunta por medio de estructuras locales, nacionales, regionales e internacionales.<br>7-COMPROMISO CON LA COMUNIDAD<br>La cooperativa trabaja para el desarrollo sostenible de su comunidad por medio de pol\u00edticas aceptadas por sus socios. <\/p>\n\n\n\n<p><\/p>\n","protected":false},"excerpt":{"rendered":"<p>NUESTRA MISI\u00d3N Somos una empresa cooperativa que orienta todos sus esfuerzos a prestar servicios p\u00fablicos esenciales y \u00fatiles a los socios y a la comunidad, con calidad, eficiencia, responsabilidad social y ambiental. NUESTRA VISI\u00d3N Seguir consolidando todos los servicios que prestamos, tanto t\u00e9cnica como econ\u00f3micamente, con responsabilidad social cooperativa, con autonom\u00eda y cumpliendo nuestra Misi\u00f3n [&hellip;]<\/p>\n","protected":false},"author":1,"featured_media":0,"parent":0,"menu_order":0,"comment_status":"closed","ping_status":"closed","template":"","meta":{"footnotes":""},"class_list":["post-9388","page","type-page","status-publish","hentry"],"_links":{"self":[{"href":"https:\/\/cemlmontecarlo.com.ar\/evo\/index.php?rest_route=\/wp\/v2\/pages\/9388","targetHints":{"allow":["GET"]}}],"collection":[{"href":"https:\/\/cemlmontecarlo.com.ar\/evo\/index.php?rest_route=\/wp\/v2\/pages"}],"about":[{"href":"https:\/\/cemlmontecarlo.com.ar\/evo\/index.php?rest_route=\/wp\/v2\/types\/page"}],"author":[{"embeddable":true,"href":"https:\/\/cemlmontecarlo.com.ar\/evo\/index.php?rest_route=\/wp\/v2\/users\/1"}],"replies":[{"embeddable":true,"href":"https:\/\/cemlmontecarlo.com.ar\/evo\/index.php?rest_route=%2Fwp%2Fv2%2Fcomments&post=9388"}],"version-history":[{"count":21,"href":"https:\/\/cemlmontecarlo.com.ar\/evo\/index.php?rest_route=\/wp\/v2\/pages\/9388\/revisions"}],"predecessor-version":[{"id":10299,"href":"https:\/\/cemlmontecarlo.com.ar\/evo\/index.php?rest_route=\/wp\/v2\/pages\/9388\/revisions\/10299"}],"wp:attachment":[{"href":"https:\/\/cemlmontecarlo.com.ar\/evo\/index.php?rest_route=%2Fwp%2Fv2%2Fmedia&parent=9388"}],"curies":[{"name":"wp","href":"https:\/\/api.w.org\/{rel}","templated":true}]}}