{"id":9827,"date":"2024-10-28T22:18:09","date_gmt":"2024-10-28T22:18:09","guid":{"rendered":"https:\/\/cemlmontecarlo.com.ar\/evo\/?page_id=9827"},"modified":"2024-10-28T22:18:09","modified_gmt":"2024-10-28T22:18:09","slug":"ultimas-novedades","status":"publish","type":"page","link":"https:\/\/cemlmontecarlo.com.ar\/evo\/?page_id=9827","title":{"rendered":"\u00daltimas Novedades"},"content":{"rendered":"\n<div class=\"wp-block-query is-layout-flow wp-block-query-is-layout-flow\"><ul class=\"columns-3 wp-block-post-template is-layout-grid wp-container-core-post-template-is-layout-1 wp-block-post-template-is-layout-grid\"><li class=\"wp-block-post post-10458 post type-post status-publish format-standard has-post-thumbnail hentry category-novedades\">\n\n<div class=\"wp-block-group\" style=\"padding-top:30px;padding-right:30px;padding-bottom:30px;padding-left:30px\"><div class=\"wp-block-group__inner-container is-layout-flow wp-block-group-is-layout-flow\"><h2 class=\"wp-block-post-title\"><a href=\"https:\/\/cemlmontecarlo.com.ar\/evo\/?p=10458\" target=\"_self\" >CONVOCATORIA ASAMBLEA ELECTORALES DE DISTRITOS 2026<\/a><\/h2>\n\n<div class=\"wp-block-post-excerpt\"><p class=\"wp-block-post-excerpt__excerpt\"> <\/p><\/div>\n\n<div class=\"wp-block-post-date\"><time datetime=\"2026-04-01T09:54:04+00:00\">1 de abril de 2026<\/time><\/div><\/div><\/div>\n\n<\/li><li class=\"wp-block-post post-10421 post type-post status-publish format-standard hentry category-novedades\">\n\n<div class=\"wp-block-group\" style=\"padding-top:30px;padding-right:30px;padding-bottom:30px;padding-left:30px\"><div class=\"wp-block-group__inner-container is-layout-flow wp-block-group-is-layout-flow\"><h2 class=\"wp-block-post-title\"><a href=\"https:\/\/cemlmontecarlo.com.ar\/evo\/?p=10421\" target=\"_self\" >VIDEO MEMORIA Y BALANCE 2024<\/a><\/h2>\n\n<div class=\"wp-block-post-excerpt\"><p class=\"wp-block-post-excerpt__excerpt\"> <\/p><\/div>\n\n<div class=\"wp-block-post-date\"><time datetime=\"2025-05-12T14:22:36+00:00\">12 de mayo de 2025<\/time><\/div><\/div><\/div>\n\n<\/li><li class=\"wp-block-post post-10355 post type-post status-publish format-standard has-post-thumbnail hentry category-novedades\">\n\n<div class=\"wp-block-group\" style=\"padding-top:30px;padding-right:30px;padding-bottom:30px;padding-left:30px\"><div class=\"wp-block-group__inner-container is-layout-flow wp-block-group-is-layout-flow\"><h2 class=\"wp-block-post-title\"><a href=\"https:\/\/cemlmontecarlo.com.ar\/evo\/?p=10355\" target=\"_self\" >MEMORIA Y BALANCE 2024<\/a><\/h2>\n\n<div class=\"wp-block-post-excerpt\"><p class=\"wp-block-post-excerpt__excerpt\">MEMORIA Y BALANCE 2024 <\/p><\/div>\n\n<div class=\"wp-block-post-date\"><time datetime=\"2025-04-17T11:11:29+00:00\">17 de abril de 2025<\/time><\/div><\/div><\/div>\n\n<\/li><li class=\"wp-block-post post-10337 post type-post status-publish format-standard has-post-thumbnail hentry category-novedades\">\n\n<div class=\"wp-block-group\" style=\"padding-top:30px;padding-right:30px;padding-bottom:30px;padding-left:30px\"><div class=\"wp-block-group__inner-container is-layout-flow wp-block-group-is-layout-flow\"><h2 class=\"wp-block-post-title\"><a href=\"https:\/\/cemlmontecarlo.com.ar\/evo\/?p=10337\" target=\"_self\" >CONVOCATORIA ASAMBLEA ORDINARIA 2025<\/a><\/h2>\n\n<div class=\"wp-block-post-excerpt\"><p class=\"wp-block-post-excerpt__excerpt\"> <\/p><\/div>\n\n<div class=\"wp-block-post-date\"><time datetime=\"2025-04-15T10:12:03+00:00\">15 de abril de 2025<\/time><\/div><\/div><\/div>\n\n<\/li><li class=\"wp-block-post post-10317 post type-post status-publish format-standard has-post-thumbnail hentry category-novedades\">\n\n<div class=\"wp-block-group\" style=\"padding-top:30px;padding-right:30px;padding-bottom:30px;padding-left:30px\"><div class=\"wp-block-group__inner-container is-layout-flow wp-block-group-is-layout-flow\"><h2 class=\"wp-block-post-title\"><a href=\"https:\/\/cemlmontecarlo.com.ar\/evo\/?p=10317\" target=\"_self\" >CONVOCATORIA ASAMBLEAS ELECTORALES DE DISTRITOS 2025<\/a><\/h2>\n\n<div class=\"wp-block-post-excerpt\"><p class=\"wp-block-post-excerpt__excerpt\"> <\/p><\/div>\n\n<div class=\"wp-block-post-date\"><time datetime=\"2025-03-27T15:29:03+00:00\">27 de marzo de 2025<\/time><\/div><\/div><\/div>\n\n<\/li><li class=\"wp-block-post post-10280 post type-post status-publish format-standard has-post-thumbnail hentry category-novedades\">\n\n<div class=\"wp-block-group\" style=\"padding-top:30px;padding-right:30px;padding-bottom:30px;padding-left:30px\"><div class=\"wp-block-group__inner-container is-layout-flow wp-block-group-is-layout-flow\"><h2 class=\"wp-block-post-title\"><a href=\"https:\/\/cemlmontecarlo.com.ar\/evo\/?p=10280\" target=\"_self\" >AVANZAN LAS OBRAS DE LA SUBESTACI\u00d3N CENTRO MONTECARLO<\/a><\/h2>\n\n<div class=\"wp-block-post-excerpt\"><p class=\"wp-block-post-excerpt__excerpt\">Con el cerramiento perimetral de la obra ya casi terminado, la Cooperativa est\u00e1 instalando las columnas de hormig\u00f3n armado en el interior de la Subestaci\u00f3n para el cableado y equipamiento electromec\u00e1nico. Tanto de mano de obra como los materiales e insumos de toda esta etapa de obra civil, es una parte del aporte de la&hellip; <\/p><\/div>\n\n<div class=\"wp-block-post-date\"><time datetime=\"2025-01-22T10:01:37+00:00\">22 de enero de 2025<\/time><\/div><\/div><\/div>\n\n<\/li><\/ul><\/div>\n","protected":false},"excerpt":{"rendered":"","protected":false},"author":1,"featured_media":0,"parent":0,"menu_order":0,"comment_status":"closed","ping_status":"closed","template":"","meta":{"footnotes":""},"class_list":["post-9827","page","type-page","status-publish","hentry"],"_links":{"self":[{"href":"https:\/\/cemlmontecarlo.com.ar\/evo\/index.php?rest_route=\/wp\/v2\/pages\/9827","targetHints":{"allow":["GET"]}}],"collection":[{"href":"https:\/\/cemlmontecarlo.com.ar\/evo\/index.php?rest_route=\/wp\/v2\/pages"}],"about":[{"href":"https:\/\/cemlmontecarlo.com.ar\/evo\/index.php?rest_route=\/wp\/v2\/types\/page"}],"author":[{"embeddable":true,"href":"https:\/\/cemlmontecarlo.com.ar\/evo\/index.php?rest_route=\/wp\/v2\/users\/1"}],"replies":[{"embeddable":true,"href":"https:\/\/cemlmontecarlo.com.ar\/evo\/index.php?rest_route=%2Fwp%2Fv2%2Fcomments&post=9827"}],"version-history":[{"count":1,"href":"https:\/\/cemlmontecarlo.com.ar\/evo\/index.php?rest_route=\/wp\/v2\/pages\/9827\/revisions"}],"predecessor-version":[{"id":9828,"href":"https:\/\/cemlmontecarlo.com.ar\/evo\/index.php?rest_route=\/wp\/v2\/pages\/9827\/revisions\/9828"}],"wp:attachment":[{"href":"https:\/\/cemlmontecarlo.com.ar\/evo\/index.php?rest_route=%2Fwp%2Fv2%2Fmedia&parent=9827"}],"curies":[{"name":"wp","href":"https:\/\/api.w.org\/{rel}","templated":true}]}}