{"id":9888,"date":"2024-10-29T00:07:36","date_gmt":"2024-10-29T00:07:36","guid":{"rendered":"https:\/\/cemlmontecarlo.com.ar\/evo\/?page_id=9888"},"modified":"2024-10-29T00:07:37","modified_gmt":"2024-10-29T00:07:37","slug":"ingreso-de-nuevo-asociado","status":"publish","type":"page","link":"https:\/\/cemlmontecarlo.com.ar\/evo\/?page_id=9888","title":{"rendered":"INGRESO DE NUEVO ASOCIADO"},"content":{"rendered":"\n<p>De los servicios de la Cooperativa solo podr\u00e1n hacer uso los asociados (a no asociados podr\u00e1 hacerlo \u00fanicamente en las condiciones que establezca la autoridad de aplicaci\u00f3n).<\/p>\n\n\n\n<p>Podr\u00e1 asociarse a esta Cooperativa toda persona de existencia ideal o visible que acepte el presente Estatuto y Reglamentos que se dicten y no tenga intereses contrarios a la misma, suscribiendo e integrando acciones para los servicios ENERG\u00cdA EL\u00c9CTRICA, AGUA POTABLE, <ins>CLOACAS, <\/ins>TELEVISI\u00d3N E INTERNET, en las condiciones establecidos por el Estatuto y los Reglamentos de la Cooperativa.<\/p>\n","protected":false},"excerpt":{"rendered":"<p>De los servicios de la Cooperativa solo podr\u00e1n hacer uso los asociados (a no asociados podr\u00e1 hacerlo \u00fanicamente en las condiciones que establezca la autoridad de aplicaci\u00f3n). Podr\u00e1 asociarse a esta Cooperativa toda persona de existencia ideal o visible que acepte el presente Estatuto y Reglamentos que se dicten y no tenga intereses contrarios a [&hellip;]<\/p>\n","protected":false},"author":1,"featured_media":0,"parent":0,"menu_order":0,"comment_status":"closed","ping_status":"closed","template":"","meta":{"footnotes":""},"class_list":["post-9888","page","type-page","status-publish","hentry"],"_links":{"self":[{"href":"https:\/\/cemlmontecarlo.com.ar\/evo\/index.php?rest_route=\/wp\/v2\/pages\/9888","targetHints":{"allow":["GET"]}}],"collection":[{"href":"https:\/\/cemlmontecarlo.com.ar\/evo\/index.php?rest_route=\/wp\/v2\/pages"}],"about":[{"href":"https:\/\/cemlmontecarlo.com.ar\/evo\/index.php?rest_route=\/wp\/v2\/types\/page"}],"author":[{"embeddable":true,"href":"https:\/\/cemlmontecarlo.com.ar\/evo\/index.php?rest_route=\/wp\/v2\/users\/1"}],"replies":[{"embeddable":true,"href":"https:\/\/cemlmontecarlo.com.ar\/evo\/index.php?rest_route=%2Fwp%2Fv2%2Fcomments&post=9888"}],"version-history":[{"count":1,"href":"https:\/\/cemlmontecarlo.com.ar\/evo\/index.php?rest_route=\/wp\/v2\/pages\/9888\/revisions"}],"predecessor-version":[{"id":9889,"href":"https:\/\/cemlmontecarlo.com.ar\/evo\/index.php?rest_route=\/wp\/v2\/pages\/9888\/revisions\/9889"}],"wp:attachment":[{"href":"https:\/\/cemlmontecarlo.com.ar\/evo\/index.php?rest_route=%2Fwp%2Fv2%2Fmedia&parent=9888"}],"curies":[{"name":"wp","href":"https:\/\/api.w.org\/{rel}","templated":true}]}}