{"id":9892,"date":"2024-10-29T00:13:52","date_gmt":"2024-10-29T00:13:52","guid":{"rendered":"https:\/\/cemlmontecarlo.com.ar\/evo\/?page_id=9892"},"modified":"2024-11-18T19:02:31","modified_gmt":"2024-11-18T19:02:31","slug":"transferencia-de-acciones","status":"publish","type":"page","link":"https:\/\/cemlmontecarlo.com.ar\/evo\/?page_id=9892","title":{"rendered":"TRANSFERENCIA DE ACCIONES"},"content":{"rendered":"\n<p>Requisitos:<br>\u2022 DNI del titular de las acciones.<br>\u2022 DNI de la persona que recibir\u00e1 la transferencia.<br>\u2022 Contrato de compraventa, comodato o t\u00edtulo de propiedad de quien recibe la transferencia.<br>\u2022 Formulario de autorizaci\u00f3n municipal (para el municipio de Montecarlo, retirar formulario en la CEML), para Caraguatay, Tarum\u00e1, El Alc\u00e1zar y Puerto Piray solicitarlo en su municipio. En los casos que la casa sea del IPRODHA: se requiere la constancia del IPRODHA a nombre del nuevo ocupante del lugar.<br>Tiene costo: Si (consultar)<\/p>\n\n\n\n<p><strong>REQUISITOS PARA TRANSFERENCIA SI EL TITULAR ES FALLECIDO<\/strong><br>\u2022 Certificado de defunci\u00f3n del titular de las acciones (fotocopia).<br>\u2022 DNI de la persona que recibe las acciones.<br>\u2022 Libreta de familia o declaraci\u00f3n jurada donde conste los nombre de los derechohabientes (c\u00f3nyuge e hijos) del titular, con fotocopia del DNI de cada uno de ellos.<br>\u2022 Consentimiento escrito de todos los herederos (hijos, esposo\/a); en caso que alguno de ellos no se encuentre en la localidad podr\u00e1 enviar una declaraci\u00f3n jurada donde conste su conformidad para dicha transferencia, adjuntando foto de DNI al correo claudio.alonso@cemlmontecarlo.com.ar o al (3751) 597033 (WhatsApp de Atenci\u00f3n al P\u00fablico). Si alguno de los derechohabientes est\u00e1 fallecido, deber\u00e1 presentarse el certificado de defunci\u00f3n.<br>\u2022 Formulario de autorizaci\u00f3n municipal (para el municipio de Montecarlo, retirar formulario en la CEML), para Caraguatay, Tarum\u00e1, El Alc\u00e1zar y Puerto Piray solicitarlo en su municipio. En el caso que la casa sea del IPRODHA se requiere la constancia del IPRODHA a nombre del nuevo ocupante del lugar.<\/p>\n\n\n\n<p><strong>EN CASO DE NO SER PROPIETARIO<\/strong><br>\u2022 Contrato de locaci\u00f3n (Alquiler), y si no lo tuviera, una autorizaci\u00f3n del propietario.<br>\u2022 Formulario de autorizaci\u00f3n municipal (para el municipio de Montecarlo, retirar formulario en la CEML), para Caraguatay, Tarum\u00e1, El Alc\u00e1zar y Puerto Piray solicitarlo en su municipio.<br>\u2022 Un Garante Socio de la CEML<br><strong>Requisitos a tener en cuenta para el garante: <\/strong>debe tener 1 a\u00f1o como socio de la CEML, sin deudas, y no debe tener condici\u00f3n como inquilino.<br>LOS TR\u00c1MITES SON ESTRICTAMENTE PERSONALES Y LOS SOLICITANTES NO DEBER\u00c1N REGISTRAR DEUDA CON LA COOPERATIVA.<\/p>\n","protected":false},"excerpt":{"rendered":"<p>Requisitos:\u2022 DNI del titular de las acciones.\u2022 DNI de la persona que recibir\u00e1 la transferencia.\u2022 Contrato de compraventa, comodato o t\u00edtulo de propiedad de quien recibe la transferencia.\u2022 Formulario de autorizaci\u00f3n municipal (para el municipio de Montecarlo, retirar formulario en la CEML), para Caraguatay, Tarum\u00e1, El Alc\u00e1zar y Puerto Piray solicitarlo en su municipio. En [&hellip;]<\/p>\n","protected":false},"author":1,"featured_media":0,"parent":0,"menu_order":0,"comment_status":"closed","ping_status":"closed","template":"","meta":{"footnotes":""},"class_list":["post-9892","page","type-page","status-publish","hentry"],"_links":{"self":[{"href":"https:\/\/cemlmontecarlo.com.ar\/evo\/index.php?rest_route=\/wp\/v2\/pages\/9892","targetHints":{"allow":["GET"]}}],"collection":[{"href":"https:\/\/cemlmontecarlo.com.ar\/evo\/index.php?rest_route=\/wp\/v2\/pages"}],"about":[{"href":"https:\/\/cemlmontecarlo.com.ar\/evo\/index.php?rest_route=\/wp\/v2\/types\/page"}],"author":[{"embeddable":true,"href":"https:\/\/cemlmontecarlo.com.ar\/evo\/index.php?rest_route=\/wp\/v2\/users\/1"}],"replies":[{"embeddable":true,"href":"https:\/\/cemlmontecarlo.com.ar\/evo\/index.php?rest_route=%2Fwp%2Fv2%2Fcomments&post=9892"}],"version-history":[{"count":3,"href":"https:\/\/cemlmontecarlo.com.ar\/evo\/index.php?rest_route=\/wp\/v2\/pages\/9892\/revisions"}],"predecessor-version":[{"id":10168,"href":"https:\/\/cemlmontecarlo.com.ar\/evo\/index.php?rest_route=\/wp\/v2\/pages\/9892\/revisions\/10168"}],"wp:attachment":[{"href":"https:\/\/cemlmontecarlo.com.ar\/evo\/index.php?rest_route=%2Fwp%2Fv2%2Fmedia&parent=9892"}],"curies":[{"name":"wp","href":"https:\/\/api.w.org\/{rel}","templated":true}]}}