{"id":9898,"date":"2024-10-29T00:17:43","date_gmt":"2024-10-29T00:17:43","guid":{"rendered":"https:\/\/cemlmontecarlo.com.ar\/evo\/?page_id=9898"},"modified":"2024-10-29T00:17:44","modified_gmt":"2024-10-29T00:17:44","slug":"rebaja-en-la-tarifa-de-energia-electrica-a-jubilados-y-pensionados-ley-provincial-no-2620","status":"publish","type":"page","link":"https:\/\/cemlmontecarlo.com.ar\/evo\/?page_id=9898","title":{"rendered":"REBAJA EN LA TARIFA DE ENERG\u00cdA EL\u00c9CTRICA A JUBILADOS Y PENSIONADOS (Ley Provincial N\u00ba 2620)"},"content":{"rendered":"\n<p>Para solicitar el beneficio, deber\u00e1n presentar:<br>\u2022 El \u00faltimo recibo de sueldo del beneficiario.<br>\u2022 D.N.I.<br>El beneficio consiste en una rebaja en la tarifa de energ\u00eda el\u00e9ctrica para su consumo hasta 200 KWh.<br>Se otorga para el domicilio de residencia habitual y permanente del jubilado o pensionado que lo solicita y en caso que conviva con familiares, estos deber\u00e1n estar a su cargo directo. El beneficio es exclusivo para uso Residencial y no podr\u00e1 usarse en dos o m\u00e1s conexiones al mismo tiempo.<br>Requisitos:<br>El haber mensual del jubilado o pensionado deber\u00e1 ser inferior al Salario M\u00ednimo Vital y M\u00f3vil del mismo mes para acogerse al beneficio.<br>El destinatario de la rebaja deber\u00e1 concurrir cada seis meses a la Oficina de Administraci\u00f3n de la Cooperativa y presentar una fotocopia del comprobante de percepci\u00f3n de haberes. La no concurrencia en ese plazo implicar\u00e1 el cese autom\u00e1tico de la percepci\u00f3n del beneficio.<br>El Solicitante deber\u00e1 estar al d\u00eda con el pago de las facturas de servicios de la Cooperativa.<br>Causales de extinci\u00f3n del beneficio:<br>Fallecimiento de su titular, en cuyo caso quien conviv\u00eda con el beneficiario deber\u00e1 comunicarlo a la Cooperativa dentro de un plazo de treinta d\u00edas.<br>Dejar de percibir los haberes de los sistemas de previsi\u00f3n social por cualquier causa.<br>Percibir un haber de jubilaci\u00f3n o pensi\u00f3n superior al Salario M\u00ednimo, Vital y M\u00f3vil vigente.<br>Falsedad de los datos consignados en la solicitud del beneficiario.<br>Tiene costo: No (la misma se renueva cada seis (6) meses.<\/p>\n\n\n\n<p><\/p>\n","protected":false},"excerpt":{"rendered":"<p>Para solicitar el beneficio, deber\u00e1n presentar:\u2022 El \u00faltimo recibo de sueldo del beneficiario.\u2022 D.N.I.El beneficio consiste en una rebaja en la tarifa de energ\u00eda el\u00e9ctrica para su consumo hasta 200 KWh.Se otorga para el domicilio de residencia habitual y permanente del jubilado o pensionado que lo solicita y en caso que conviva con familiares, estos [&hellip;]<\/p>\n","protected":false},"author":1,"featured_media":0,"parent":0,"menu_order":0,"comment_status":"closed","ping_status":"closed","template":"","meta":{"footnotes":""},"class_list":["post-9898","page","type-page","status-publish","hentry"],"_links":{"self":[{"href":"https:\/\/cemlmontecarlo.com.ar\/evo\/index.php?rest_route=\/wp\/v2\/pages\/9898","targetHints":{"allow":["GET"]}}],"collection":[{"href":"https:\/\/cemlmontecarlo.com.ar\/evo\/index.php?rest_route=\/wp\/v2\/pages"}],"about":[{"href":"https:\/\/cemlmontecarlo.com.ar\/evo\/index.php?rest_route=\/wp\/v2\/types\/page"}],"author":[{"embeddable":true,"href":"https:\/\/cemlmontecarlo.com.ar\/evo\/index.php?rest_route=\/wp\/v2\/users\/1"}],"replies":[{"embeddable":true,"href":"https:\/\/cemlmontecarlo.com.ar\/evo\/index.php?rest_route=%2Fwp%2Fv2%2Fcomments&post=9898"}],"version-history":[{"count":1,"href":"https:\/\/cemlmontecarlo.com.ar\/evo\/index.php?rest_route=\/wp\/v2\/pages\/9898\/revisions"}],"predecessor-version":[{"id":9899,"href":"https:\/\/cemlmontecarlo.com.ar\/evo\/index.php?rest_route=\/wp\/v2\/pages\/9898\/revisions\/9899"}],"wp:attachment":[{"href":"https:\/\/cemlmontecarlo.com.ar\/evo\/index.php?rest_route=%2Fwp%2Fv2%2Fmedia&parent=9898"}],"curies":[{"name":"wp","href":"https:\/\/api.w.org\/{rel}","templated":true}]}}