{"id":9900,"date":"2024-10-29T00:18:45","date_gmt":"2024-10-29T00:18:45","guid":{"rendered":"https:\/\/cemlmontecarlo.com.ar\/evo\/?page_id=9900"},"modified":"2024-10-29T00:18:49","modified_gmt":"2024-10-29T00:18:49","slug":"gestion-cobranza","status":"publish","type":"page","link":"https:\/\/cemlmontecarlo.com.ar\/evo\/?page_id=9900","title":{"rendered":"GESTI\u00d3N COBRANZA"},"content":{"rendered":"\n<p>Si el usuario no abonara la factura dentro de la fecha de vencimiento establecida, la Cooperativa cobrar\u00e1 un inter\u00e9s aplicado desde la fecha de vencimiento hasta la de su pago, a la tasa vigente al momento del pago.<\/p>\n\n\n\n<p>Queda establecido que el usuario incurrir\u00e1 en mora autom\u00e1tica, por el solo vencimiento de las fechas fijadas para el pago, sin necesidad de interpelaci\u00f3n judicial o extrajudicial.<\/p>\n\n\n\n<p>Si el usuario fuere moroso en el pago de las deudas provenientes de una conexi\u00f3n, y tuviese m\u00e1s de una, la Cooperativa podr\u00e1 proceder al corte de todas las que posea dentro del sistema de la Cooperativa.<\/p>\n\n\n\n<p><strong>Energ\u00eda El\u00e9ctrica:<\/strong><\/p>\n\n\n\n<p>Los cortes por mora del servicio, se realizan:<\/p>\n\n\n\n<p><strong>Propietarios<\/strong>: con dos (2) facturas vencidas.<\/p>\n\n\n\n<p><strong>Inquilinos:<\/strong> el corte se realizar\u00e1 a partir de las 48 h de haber vencido su primera factura que se encuentre impaga.<\/p>\n\n\n\n<p><strong>Agua potable:<\/strong> sujeto a cortes por mora en las mismas condiciones anteriores.<\/p>\n\n\n\n<p><strong>Cable e Internet:<\/strong> sujeto a cortes por mora en las mismas condiciones anteriores.<\/p>\n\n\n\n<p><strong><u>Reconexi\u00f3n<\/u><\/strong>: Una vez que el usuario haya abonado la deuda de la conexi\u00f3n cortada, como as\u00ed tambi\u00e9n cualquier otra deuda que registre con la Cooperativa, ya sea al mismo nombre o de su c\u00f3nyuge que conviva; los aranceles, multas, intereses, actualizaciones u otros conceptos que corresponda; la Cooperativa, proceder\u00e1 a la reconexi\u00f3n dentro de un lapso no mayor de 48 h, de acuerdo a sus posibilidades operativas y t\u00e9cnicas.<\/p>\n\n\n\n<p>Tiene costo: Si <em>(consultar)<\/em><\/p>\n","protected":false},"excerpt":{"rendered":"<p>Si el usuario no abonara la factura dentro de la fecha de vencimiento establecida, la Cooperativa cobrar\u00e1 un inter\u00e9s aplicado desde la fecha de vencimiento hasta la de su pago, a la tasa vigente al momento del pago. Queda establecido que el usuario incurrir\u00e1 en mora autom\u00e1tica, por el solo vencimiento de las fechas fijadas [&hellip;]<\/p>\n","protected":false},"author":1,"featured_media":0,"parent":0,"menu_order":0,"comment_status":"closed","ping_status":"closed","template":"","meta":{"footnotes":""},"class_list":["post-9900","page","type-page","status-publish","hentry"],"_links":{"self":[{"href":"https:\/\/cemlmontecarlo.com.ar\/evo\/index.php?rest_route=\/wp\/v2\/pages\/9900","targetHints":{"allow":["GET"]}}],"collection":[{"href":"https:\/\/cemlmontecarlo.com.ar\/evo\/index.php?rest_route=\/wp\/v2\/pages"}],"about":[{"href":"https:\/\/cemlmontecarlo.com.ar\/evo\/index.php?rest_route=\/wp\/v2\/types\/page"}],"author":[{"embeddable":true,"href":"https:\/\/cemlmontecarlo.com.ar\/evo\/index.php?rest_route=\/wp\/v2\/users\/1"}],"replies":[{"embeddable":true,"href":"https:\/\/cemlmontecarlo.com.ar\/evo\/index.php?rest_route=%2Fwp%2Fv2%2Fcomments&post=9900"}],"version-history":[{"count":1,"href":"https:\/\/cemlmontecarlo.com.ar\/evo\/index.php?rest_route=\/wp\/v2\/pages\/9900\/revisions"}],"predecessor-version":[{"id":9901,"href":"https:\/\/cemlmontecarlo.com.ar\/evo\/index.php?rest_route=\/wp\/v2\/pages\/9900\/revisions\/9901"}],"wp:attachment":[{"href":"https:\/\/cemlmontecarlo.com.ar\/evo\/index.php?rest_route=%2Fwp%2Fv2%2Fmedia&parent=9900"}],"curies":[{"name":"wp","href":"https:\/\/api.w.org\/{rel}","templated":true}]}}