{"id":9904,"date":"2024-10-29T00:20:47","date_gmt":"2024-10-29T00:20:47","guid":{"rendered":"https:\/\/cemlmontecarlo.com.ar\/evo\/?page_id=9904"},"modified":"2024-10-29T00:20:50","modified_gmt":"2024-10-29T00:20:50","slug":"servicio-de-sepelios","status":"publish","type":"page","link":"https:\/\/cemlmontecarlo.com.ar\/evo\/?page_id=9904","title":{"rendered":"SERVICIO DE SEPELIOS"},"content":{"rendered":"\n<p><strong>Invitamos a adherirse al Servicio de Sepelio de la CEML. Por un abono mensual muy accesible tendr\u00e1 el servicio completo al titular de la conexi\u00f3n que se suscriba y a su grupo familiar primario: c\u00f3nyuge e hijos solteros si conviven en el mismo domicilio.<\/strong><\/p>\n\n\n\n<p><strong>Requisitos a presentar: DNI <\/strong>de cada integrante de la familia (titular, c\u00f3nyuge e hijos solteros si conviven en el mismo domicilio).<\/p>\n\n\n\n<p>Para los adherentes: Padres, madres, suegros, suegras u otra persona, que quieran sumar a la cobertura y agregar a la declaraci\u00f3n jurada, deber\u00e1n presentar certificado de domicilio y DNI.<\/p>\n","protected":false},"excerpt":{"rendered":"<p>Invitamos a adherirse al Servicio de Sepelio de la CEML. Por un abono mensual muy accesible tendr\u00e1 el servicio completo al titular de la conexi\u00f3n que se suscriba y a su grupo familiar primario: c\u00f3nyuge e hijos solteros si conviven en el mismo domicilio. Requisitos a presentar: DNI de cada integrante de la familia (titular, [&hellip;]<\/p>\n","protected":false},"author":1,"featured_media":0,"parent":0,"menu_order":0,"comment_status":"closed","ping_status":"closed","template":"","meta":{"footnotes":""},"class_list":["post-9904","page","type-page","status-publish","hentry"],"_links":{"self":[{"href":"https:\/\/cemlmontecarlo.com.ar\/evo\/index.php?rest_route=\/wp\/v2\/pages\/9904","targetHints":{"allow":["GET"]}}],"collection":[{"href":"https:\/\/cemlmontecarlo.com.ar\/evo\/index.php?rest_route=\/wp\/v2\/pages"}],"about":[{"href":"https:\/\/cemlmontecarlo.com.ar\/evo\/index.php?rest_route=\/wp\/v2\/types\/page"}],"author":[{"embeddable":true,"href":"https:\/\/cemlmontecarlo.com.ar\/evo\/index.php?rest_route=\/wp\/v2\/users\/1"}],"replies":[{"embeddable":true,"href":"https:\/\/cemlmontecarlo.com.ar\/evo\/index.php?rest_route=%2Fwp%2Fv2%2Fcomments&post=9904"}],"version-history":[{"count":1,"href":"https:\/\/cemlmontecarlo.com.ar\/evo\/index.php?rest_route=\/wp\/v2\/pages\/9904\/revisions"}],"predecessor-version":[{"id":9905,"href":"https:\/\/cemlmontecarlo.com.ar\/evo\/index.php?rest_route=\/wp\/v2\/pages\/9904\/revisions\/9905"}],"wp:attachment":[{"href":"https:\/\/cemlmontecarlo.com.ar\/evo\/index.php?rest_route=%2Fwp%2Fv2%2Fmedia&parent=9904"}],"curies":[{"name":"wp","href":"https:\/\/api.w.org\/{rel}","templated":true}]}}