{"id":9906,"date":"2024-10-29T00:21:36","date_gmt":"2024-10-29T00:21:36","guid":{"rendered":"https:\/\/cemlmontecarlo.com.ar\/evo\/?page_id=9906"},"modified":"2024-10-29T00:21:37","modified_gmt":"2024-10-29T00:21:37","slug":"ambulancia","status":"publish","type":"page","link":"https:\/\/cemlmontecarlo.com.ar\/evo\/?page_id=9906","title":{"rendered":"AMBULANCIA"},"content":{"rendered":"\n<p><strong><u>Servicio brindado por la Asociaci\u00f3n de BOMBEROS VOLUNTARIOS de Montecarlo:<\/u><\/strong><\/p>\n\n\n\n<p>La Cooperativa en un acuerdo de partes, hace la cobranza por cuenta y orden de la Asociaci\u00f3n de Bomberos Voluntarios de Montecarlo del abono mensual fijado por la prestadora.<\/p>\n\n\n\n<p>La adhesi\u00f3n al servicio es de car\u00e1cter voluntario y los interesados en acceder a este importante y valioso servicio pueden solicitaron en la Oficina de Atenci\u00f3n al P\u00fablico de la Cooperativa, presentando la fotocopia del DNI del titular de la conexi\u00f3n y de todos los miembros del grupo familiar primario que estar\u00e1n cubiertos con el servicio e incluidos en la declaraci\u00f3n jurada obligatoria.<\/p>\n","protected":false},"excerpt":{"rendered":"<p>Servicio brindado por la Asociaci\u00f3n de BOMBEROS VOLUNTARIOS de Montecarlo: La Cooperativa en un acuerdo de partes, hace la cobranza por cuenta y orden de la Asociaci\u00f3n de Bomberos Voluntarios de Montecarlo del abono mensual fijado por la prestadora. La adhesi\u00f3n al servicio es de car\u00e1cter voluntario y los interesados en acceder a este importante [&hellip;]<\/p>\n","protected":false},"author":1,"featured_media":0,"parent":0,"menu_order":0,"comment_status":"closed","ping_status":"closed","template":"","meta":{"footnotes":""},"class_list":["post-9906","page","type-page","status-publish","hentry"],"_links":{"self":[{"href":"https:\/\/cemlmontecarlo.com.ar\/evo\/index.php?rest_route=\/wp\/v2\/pages\/9906","targetHints":{"allow":["GET"]}}],"collection":[{"href":"https:\/\/cemlmontecarlo.com.ar\/evo\/index.php?rest_route=\/wp\/v2\/pages"}],"about":[{"href":"https:\/\/cemlmontecarlo.com.ar\/evo\/index.php?rest_route=\/wp\/v2\/types\/page"}],"author":[{"embeddable":true,"href":"https:\/\/cemlmontecarlo.com.ar\/evo\/index.php?rest_route=\/wp\/v2\/users\/1"}],"replies":[{"embeddable":true,"href":"https:\/\/cemlmontecarlo.com.ar\/evo\/index.php?rest_route=%2Fwp%2Fv2%2Fcomments&post=9906"}],"version-history":[{"count":1,"href":"https:\/\/cemlmontecarlo.com.ar\/evo\/index.php?rest_route=\/wp\/v2\/pages\/9906\/revisions"}],"predecessor-version":[{"id":9907,"href":"https:\/\/cemlmontecarlo.com.ar\/evo\/index.php?rest_route=\/wp\/v2\/pages\/9906\/revisions\/9907"}],"wp:attachment":[{"href":"https:\/\/cemlmontecarlo.com.ar\/evo\/index.php?rest_route=%2Fwp%2Fv2%2Fmedia&parent=9906"}],"curies":[{"name":"wp","href":"https:\/\/api.w.org\/{rel}","templated":true}]}}