{"id":9958,"date":"2024-10-29T00:59:36","date_gmt":"2024-10-29T00:59:36","guid":{"rendered":"https:\/\/cemlmontecarlo.com.ar\/evo\/?page_id=9958"},"modified":"2024-10-29T01:05:13","modified_gmt":"2024-10-29T01:05:13","slug":"plataforma-de-pago-de-facturas-online","status":"publish","type":"page","link":"https:\/\/cemlmontecarlo.com.ar\/evo\/?page_id=9958","title":{"rendered":"PLATAFORMA DE PAGO DE FACTURAS ONLINE"},"content":{"rendered":"\n<p><strong>PAGOS CON MACRO CLICK CON TARJETAS DE D\u00c9BITO Y CR\u00c9DITO o MERCADO PAGO<\/strong><\/p>\n\n\n\n<p><strong>Como pagar:<\/strong><\/p>\n\n\n\n<p>\u00a01-\u00a0 Ingresar a la p\u00e1gina <strong><a href=\"https:\/\/cemlonline.com.ar\/\" target=\"_blank\" rel=\"noreferrer noopener\">www.cemlmontecarlo.com.ar<\/a><\/strong> o desde dentro de nuestro sitio en men\u00fa Pago de Facturas &#8211; <a href=\"https:\/\/cemlmontecarlo.com.ar\/evo\/?page_id=59\">Ir a Pago de Facturas (cemlonline.com.ar)<\/a><\/p>\n\n\n\n<p>&nbsp;2- Una vez ah\u00ed ir a <strong>Pago de Facturas<\/strong><\/p>\n\n\n\n<p>&nbsp;3- En el primer ingreso deber\u00e1 registrarse como nuevo usuario. Para ello deber\u00e1 tener a mano su factura, donde est\u00e1n los datos que se le pedir\u00e1n por \u00fanica vez: el <strong>C\u00f3digo &nbsp;de Cliente y el C\u00f3digo de Gesti\u00f3n Personal<\/strong>, adem\u00e1s de una direcci\u00f3n de <strong>correo electr\u00f3nico<\/strong>. El sistema enviar\u00e1 a su correo electr\u00f3nico una contrase\u00f1a para poder ingresar a su cuenta.<\/p>\n\n\n\n<p>&nbsp;4- Ingresar con su<strong> correo electr\u00f3nico y contrase\u00f1a<\/strong> generada por el sistema (la misma se puede cambiar una&nbsp;vez que ingrese a la p\u00e1gina de pagos).<\/p>\n\n\n\n<p>&nbsp;5- Una vez que haya ingresado a la p\u00e1gina aparecer\u00e1n las facturas pendientes de pagos, pudiendo elegir cual a abonar y con un clic en el link pagar podr\u00e1 hacerlo con Macro Click mediante sus <strong>tarjetas de d\u00e9bito \/cr\u00e9dito o Mercado Pago.<\/strong><\/p>\n\n\n\n<p>6- Con el bot\u00f3n <strong>Agregar Relaci\u00f3n<\/strong>, puede cargar a su cuenta facturas de otras conexiones para poder pagarlas mediante un solo ingreso de usuario.<\/p>\n\n\n\n<p>7- Tenga presente que en este sitio tambi\u00e9n puede descargar las facturas en formato pdf, seleccion\u00e1ndolas en <strong>Imprime<\/strong>.<\/p>\n","protected":false},"excerpt":{"rendered":"<p>PAGOS CON MACRO CLICK CON TARJETAS DE D\u00c9BITO Y CR\u00c9DITO o MERCADO PAGO Como pagar: \u00a01-\u00a0 Ingresar a la p\u00e1gina www.cemlmontecarlo.com.ar o desde dentro de nuestro sitio en men\u00fa Pago de Facturas &#8211; Ir a Pago de Facturas (cemlonline.com.ar) &nbsp;2- Una vez ah\u00ed ir a Pago de Facturas &nbsp;3- En el primer ingreso deber\u00e1 registrarse [&hellip;]<\/p>\n","protected":false},"author":1,"featured_media":0,"parent":0,"menu_order":0,"comment_status":"closed","ping_status":"closed","template":"","meta":{"footnotes":""},"class_list":["post-9958","page","type-page","status-publish","hentry"],"_links":{"self":[{"href":"https:\/\/cemlmontecarlo.com.ar\/evo\/index.php?rest_route=\/wp\/v2\/pages\/9958","targetHints":{"allow":["GET"]}}],"collection":[{"href":"https:\/\/cemlmontecarlo.com.ar\/evo\/index.php?rest_route=\/wp\/v2\/pages"}],"about":[{"href":"https:\/\/cemlmontecarlo.com.ar\/evo\/index.php?rest_route=\/wp\/v2\/types\/page"}],"author":[{"embeddable":true,"href":"https:\/\/cemlmontecarlo.com.ar\/evo\/index.php?rest_route=\/wp\/v2\/users\/1"}],"replies":[{"embeddable":true,"href":"https:\/\/cemlmontecarlo.com.ar\/evo\/index.php?rest_route=%2Fwp%2Fv2%2Fcomments&post=9958"}],"version-history":[{"count":3,"href":"https:\/\/cemlmontecarlo.com.ar\/evo\/index.php?rest_route=\/wp\/v2\/pages\/9958\/revisions"}],"predecessor-version":[{"id":9966,"href":"https:\/\/cemlmontecarlo.com.ar\/evo\/index.php?rest_route=\/wp\/v2\/pages\/9958\/revisions\/9966"}],"wp:attachment":[{"href":"https:\/\/cemlmontecarlo.com.ar\/evo\/index.php?rest_route=%2Fwp%2Fv2%2Fmedia&parent=9958"}],"curies":[{"name":"wp","href":"https:\/\/api.w.org\/{rel}","templated":true}]}}