{"id":9977,"date":"2024-10-29T01:24:02","date_gmt":"2024-10-29T01:24:02","guid":{"rendered":"https:\/\/cemlmontecarlo.com.ar\/evo\/?page_id=9977"},"modified":"2024-10-29T01:24:36","modified_gmt":"2024-10-29T01:24:36","slug":"distritos-para-asambleas-electorales","status":"publish","type":"page","link":"https:\/\/cemlmontecarlo.com.ar\/evo\/?page_id=9977","title":{"rendered":"Distritos para Asambleas Electorales"},"content":{"rendered":"\n<p>Para la celebraci\u00f3n de las Asambleas Electorales de Distritos que cada a\u00f1o son convocadas en forma previa a la Asamblea General Ordinaria, para la elecci\u00f3n de Delegados de la Cooperativa, el Estatuto fija que el \u00e1rea de concesi\u00f3n de la Cooperativa se divida en 8 Distritos:<\/p>\n\n\n\n<p>a) Distrito A: Municipio Piray Zona Oeste, al oeste del arroyo Mbor\u00e1.&nbsp;<\/p>\n\n\n\n<p>b) Distrito B: Municipio Piray Zona Este, al este del arroyo Mbor\u00e1.&nbsp;<\/p>\n\n\n\n<p>c) Distrito C: Municipio Montecarlo, al norte de la avda. El Libertador, Ruta Nacional 12 y R\u00edo Paran\u00e1.\u00a0<\/p>\n\n\n\n<p>d) Distrito D: Municipio de Montecarlo, al sur de la avda. El Libertador, Ruta Nacional 12.\u00a0<\/p>\n\n\n\n<p>e) Distrito E: Municipio de Montecarlo, al este de la Ruta Nacional 12.\u00a0<\/p>\n\n\n\n<p>f) Distrito F: Municipio de Caraguatay.&nbsp;<\/p>\n\n\n\n<p>g) Distrito G: Municipio de El Alc\u00e1zar.&nbsp;<\/p>\n\n\n\n<p>h) Distrito H: Municipio Garuhap\u00e9 Zona Norte, al norte del arroyo Yatetay.<\/p>\n","protected":false},"excerpt":{"rendered":"<p>Para la celebraci\u00f3n de las Asambleas Electorales de Distritos que cada a\u00f1o son convocadas en forma previa a la Asamblea General Ordinaria, para la elecci\u00f3n de Delegados de la Cooperativa, el Estatuto fija que el \u00e1rea de concesi\u00f3n de la Cooperativa se divida en 8 Distritos: a) Distrito A: Municipio Piray Zona Oeste, al oeste [&hellip;]<\/p>\n","protected":false},"author":1,"featured_media":0,"parent":0,"menu_order":0,"comment_status":"closed","ping_status":"closed","template":"","meta":{"footnotes":""},"class_list":["post-9977","page","type-page","status-publish","hentry"],"_links":{"self":[{"href":"https:\/\/cemlmontecarlo.com.ar\/evo\/index.php?rest_route=\/wp\/v2\/pages\/9977","targetHints":{"allow":["GET"]}}],"collection":[{"href":"https:\/\/cemlmontecarlo.com.ar\/evo\/index.php?rest_route=\/wp\/v2\/pages"}],"about":[{"href":"https:\/\/cemlmontecarlo.com.ar\/evo\/index.php?rest_route=\/wp\/v2\/types\/page"}],"author":[{"embeddable":true,"href":"https:\/\/cemlmontecarlo.com.ar\/evo\/index.php?rest_route=\/wp\/v2\/users\/1"}],"replies":[{"embeddable":true,"href":"https:\/\/cemlmontecarlo.com.ar\/evo\/index.php?rest_route=%2Fwp%2Fv2%2Fcomments&post=9977"}],"version-history":[{"count":2,"href":"https:\/\/cemlmontecarlo.com.ar\/evo\/index.php?rest_route=\/wp\/v2\/pages\/9977\/revisions"}],"predecessor-version":[{"id":9979,"href":"https:\/\/cemlmontecarlo.com.ar\/evo\/index.php?rest_route=\/wp\/v2\/pages\/9977\/revisions\/9979"}],"wp:attachment":[{"href":"https:\/\/cemlmontecarlo.com.ar\/evo\/index.php?rest_route=%2Fwp%2Fv2%2Fmedia&parent=9977"}],"curies":[{"name":"wp","href":"https:\/\/api.w.org\/{rel}","templated":true}]}}